{"id":57229,"date":"2020-02-14T12:18:22","date_gmt":"2020-02-14T11:18:22","guid":{"rendered":"https:\/\/www.laboratoire-papillon.com\/boutique\/"},"modified":"2026-03-24T17:17:33","modified_gmt":"2026-03-24T16:17:33","slug":"tienda","status":"publish","type":"page","link":"https:\/\/www.laboratoire-papillon.com\/es\/tienda\/","title":{"rendered":"Nuestros productos"},"content":{"rendered":"\t\t<div data-elementor-type=\"wp-page\" data-elementor-id=\"57229\" class=\"elementor elementor-57229 elementor-48\">\n\t\t\t\t<div class=\"elementor-element elementor-element-f493edb e-con-full e-flex e-con e-parent\" data-id=\"f493edb\" data-element_type=\"container\">\n\t\t\t\t<div class=\"elementor-element elementor-element-21d002a elementor-widget elementor-widget-heading\" data-id=\"21d002a\" data-element_type=\"widget\" data-widget_type=\"heading.default\">\n\t\t\t\t<div class=\"elementor-widget-container\">\n\t\t\t<style>\/*! elementor - v3.23.0 - 05-08-2024 *\/\n.elementor-heading-title{padding:0;margin:0;line-height:1}.elementor-widget-heading .elementor-heading-title[class*=elementor-size-]>a{color:inherit;font-size:inherit;line-height:inherit}.elementor-widget-heading .elementor-heading-title.elementor-size-small{font-size:15px}.elementor-widget-heading .elementor-heading-title.elementor-size-medium{font-size:19px}.elementor-widget-heading .elementor-heading-title.elementor-size-large{font-size:29px}.elementor-widget-heading .elementor-heading-title.elementor-size-xl{font-size:39px}.elementor-widget-heading .elementor-heading-title.elementor-size-xxl{font-size:59px}<\/style><h1 class=\"elementor-heading-title elementor-size-default\">Nuestros productos<\/h1>\t\t<\/div>\n\t\t\t\t<\/div>\n\t\t\t\t<div class=\"elementor-element elementor-element-22c21aa elementor-widget elementor-widget-myritual_core_product_category_list\" data-id=\"22c21aa\" data-element_type=\"widget\" data-widget_type=\"myritual_core_product_category_list.default\">\n\t\t\t\t<div class=\"elementor-widget-container\">\n\t\t\t<div class=\"qodef-shortcode qodef-m  qodef-woo-shortcode qodef-woo-product-category-list qodef-item-layout--info-on-image qodef-grid qodef-layout--columns  qodef-gutter--no qodef-vertical-gutter--no qodef-col-num--3 qodef-item-layout--info-on-image qodef-responsive--custom qodef-col-num--1440--3 qodef-col-num--1366--3 qodef-col-num--1024--2 qodef-col-num--768--2 qodef-col-num--680--2 qodef-col-num--480--2\" >\n\t<div class=\"qodef-grid-inner\">\n\t\t<div class=\"qodef-e qodef-grid-item qodef-item--full product-category product first\">\n\t<div class=\"qodef-e-inner\">\n\t<div class=\"qodef-e-main-wrapper\">\n\t\t\n\t\t<a href=\"https:\/\/www.laboratoire-papillon.com\/es\/categorie-produit\/gama-nathyroid\/\">\t<div class=\"qodef-e-media\">\n\t\t<img fetchpriority=\"high\" decoding=\"async\" width=\"700\" height=\"700\" src=\"https:\/\/www.laboratoire-papillon.com\/wp-content\/uploads\/2024\/07\/Nathyroid-30.png\" class=\"attachment-full size-full\" alt=\"\" srcset=\"https:\/\/www.laboratoire-papillon.com\/wp-content\/uploads\/2024\/07\/Nathyroid-30.png 700w, https:\/\/www.laboratoire-papillon.com\/wp-content\/uploads\/2024\/07\/Nathyroid-30-300x300.png 300w, https:\/\/www.laboratoire-papillon.com\/wp-content\/uploads\/2024\/07\/Nathyroid-30-150x150.png 150w, https:\/\/www.laboratoire-papillon.com\/wp-content\/uploads\/2024\/07\/Nathyroid-30-650x650.png 650w, https:\/\/www.laboratoire-papillon.com\/wp-content\/uploads\/2024\/07\/Nathyroid-30-600x600.png 600w, https:\/\/www.laboratoire-papillon.com\/wp-content\/uploads\/2024\/07\/Nathyroid-30-100x100.png 100w\" sizes=\"(max-width: 700px) 100vw, 700px\" \/>\t\t\t<\/div><\/a>\n\t\t\t<div class=\"qodef-e-content\">\n\t\t\t<div class=\"qodef-e-top-holder\">\n\t\t\t\t\t<a href=\"https:\/\/www.laboratoire-papillon.com\/es\/categorie-produit\/gama-nathyroid\/\"><h5 class=\"woocommerce-loop-category__title\" >\n\tGama NATHYRO\u00cfD<\/h5>\n<\/a>\n\t\t\t<\/div>\n\t\t\t<div class=\"qodef-e-bottom-holder\">\n\t\t\t\t<a class=\"qodef-shortcode qodef-m  qodef-button qodef-layout--filled  qodef-html--link\" href=\"https:\/\/www.laboratoire-papillon.com\/es\/categorie-produit\/gama-nathyroid\/\" target=\"_self\"  >\n\t<span class=\"qodef-m-text\">VOIR LES PRODUITS<\/span>\n<\/a>\n\n\t\t<\/div>\n\t\t\t<\/div>\n\t\t\t\t\n\n\t<\/div>\n\t<\/div>\n<\/div>\n<div class=\"qodef-e qodef-grid-item qodef-item--full product-category product\">\n\t<div class=\"qodef-e-inner\">\n\t<div class=\"qodef-e-main-wrapper\">\n\t\t\n\t\t<a href=\"https:\/\/www.laboratoire-papillon.com\/es\/categorie-produit\/gama-nathygest\/\">\t<div class=\"qodef-e-media\">\n\t\t<img decoding=\"async\" width=\"700\" height=\"700\" src=\"https:\/\/www.laboratoire-papillon.com\/wp-content\/uploads\/2024\/07\/Nathygest-30.png\" class=\"attachment-full size-full\" alt=\"\" srcset=\"https:\/\/www.laboratoire-papillon.com\/wp-content\/uploads\/2024\/07\/Nathygest-30.png 700w, https:\/\/www.laboratoire-papillon.com\/wp-content\/uploads\/2024\/07\/Nathygest-30-300x300.png 300w, https:\/\/www.laboratoire-papillon.com\/wp-content\/uploads\/2024\/07\/Nathygest-30-150x150.png 150w, https:\/\/www.laboratoire-papillon.com\/wp-content\/uploads\/2024\/07\/Nathygest-30-650x650.png 650w, https:\/\/www.laboratoire-papillon.com\/wp-content\/uploads\/2024\/07\/Nathygest-30-600x600.png 600w, https:\/\/www.laboratoire-papillon.com\/wp-content\/uploads\/2024\/07\/Nathygest-30-100x100.png 100w\" sizes=\"(max-width: 700px) 100vw, 700px\" \/>\t\t\t<\/div><\/a>\n\t\t\t<div class=\"qodef-e-content\">\n\t\t\t<div class=\"qodef-e-top-holder\">\n\t\t\t\t\t<a href=\"https:\/\/www.laboratoire-papillon.com\/es\/categorie-produit\/gama-nathygest\/\"><h5 class=\"woocommerce-loop-category__title\" >\n\tGama NATHYGEST<\/h5>\n<\/a>\n\t\t\t<\/div>\n\t\t\t<div class=\"qodef-e-bottom-holder\">\n\t\t\t\t<a class=\"qodef-shortcode qodef-m  qodef-button qodef-layout--filled  qodef-html--link\" href=\"https:\/\/www.laboratoire-papillon.com\/es\/categorie-produit\/gama-nathygest\/\" target=\"_self\"  >\n\t<span class=\"qodef-m-text\">VOIR LES PRODUITS<\/span>\n<\/a>\n\n\t\t<\/div>\n\t\t\t<\/div>\n\t\t\t\t\n\n\t<\/div>\n\t<\/div>\n<\/div>\n<div class=\"qodef-e qodef-grid-item qodef-item--full product-category product last\">\n\t<div class=\"qodef-e-inner\">\n\t<div class=\"qodef-e-main-wrapper\">\n\t\t\n\t\t<a href=\"https:\/\/www.laboratoire-papillon.com\/es\/categorie-produit\/gama-nathyrel\/\">\t<div class=\"qodef-e-media\">\n\t\t<img decoding=\"async\" width=\"700\" height=\"700\" src=\"https:\/\/www.laboratoire-papillon.com\/wp-content\/uploads\/2024\/08\/gamme_nathyrel-1.png\" class=\"attachment-full size-full\" alt=\"\" srcset=\"https:\/\/www.laboratoire-papillon.com\/wp-content\/uploads\/2024\/08\/gamme_nathyrel-1.png 700w, https:\/\/www.laboratoire-papillon.com\/wp-content\/uploads\/2024\/08\/gamme_nathyrel-1-300x300.png 300w, https:\/\/www.laboratoire-papillon.com\/wp-content\/uploads\/2024\/08\/gamme_nathyrel-1-150x150.png 150w, https:\/\/www.laboratoire-papillon.com\/wp-content\/uploads\/2024\/08\/gamme_nathyrel-1-650x650.png 650w, https:\/\/www.laboratoire-papillon.com\/wp-content\/uploads\/2024\/08\/gamme_nathyrel-1-600x600.png 600w, https:\/\/www.laboratoire-papillon.com\/wp-content\/uploads\/2024\/08\/gamme_nathyrel-1-100x100.png 100w\" sizes=\"(max-width: 700px) 100vw, 700px\" \/>\t\t\t<\/div><\/a>\n\t\t\t<div class=\"qodef-e-content\">\n\t\t\t<div class=\"qodef-e-top-holder\">\n\t\t\t\t\t<a href=\"https:\/\/www.laboratoire-papillon.com\/es\/categorie-produit\/gama-nathyrel\/\"><h5 class=\"woocommerce-loop-category__title\" >\n\tGama NATHYREL<\/h5>\n<\/a>\n\t\t\t<\/div>\n\t\t\t<div class=\"qodef-e-bottom-holder\">\n\t\t\t\t<a class=\"qodef-shortcode qodef-m  qodef-button qodef-layout--filled  qodef-html--link\" href=\"https:\/\/www.laboratoire-papillon.com\/es\/categorie-produit\/gama-nathyrel\/\" target=\"_self\"  >\n\t<span class=\"qodef-m-text\">VOIR LES PRODUITS<\/span>\n<\/a>\n\n\t\t<\/div>\n\t\t\t<\/div>\n\t\t\t\t\n\n\t<\/div>\n\t<\/div>\n<\/div>\n\t<\/div>\n<\/div>\n\t\t<\/div>\n\t\t\t\t<\/div>\n\t\t\t\t<\/div>\n\t\t\t\t<\/div>\n\t\t","protected":false},"excerpt":{"rendered":"<p>Nuestros productos No posts were found for provided query parameters.<\/p>\n","protected":false},"author":2,"featured_media":57230,"parent":0,"menu_order":0,"comment_status":"closed","ping_status":"closed","template":"","meta":{"footnotes":""},"class_list":["post-57229","page","type-page","status-publish","has-post-thumbnail","hentry"],"yoast_head":"<!-- This site is optimized with the Yoast SEO plugin v23.7 - https:\/\/yoast.com\/wordpress\/plugins\/seo\/ -->\n<title>Tienda Laboratoire PAPILLON: Complementos alimenticios - Tiroides<\/title>\n<meta name=\"description\" content=\"Descubra los complementos alimenticios de Laboratoire PAPILLON especialmente formulados para favorecer el equilibrio natural de la tiroides.\" \/>\n<meta name=\"robots\" content=\"index, follow, max-snippet:-1, max-image-preview:large, max-video-preview:-1\" \/>\n<link rel=\"canonical\" href=\"https:\/\/www.laboratoire-papillon.com\/es\/tienda\/\" \/>\n<meta property=\"og:locale\" content=\"es_ES\" \/>\n<meta property=\"og:type\" content=\"article\" \/>\n<meta property=\"og:title\" content=\"Tienda Laboratoire PAPILLON: Complementos alimenticios - Tiroides\" \/>\n<meta property=\"og:description\" content=\"Descubra los complementos alimenticios de Laboratoire PAPILLON especialmente formulados para favorecer el equilibrio natural de la tiroides.\" \/>\n<meta property=\"og:url\" content=\"https:\/\/www.laboratoire-papillon.com\/es\/tienda\/\" \/>\n<meta property=\"og:site_name\" content=\"Laboratoire papillon\" \/>\n<meta property=\"article:modified_time\" content=\"2026-03-24T16:17:33+00:00\" \/>\n<meta property=\"og:image\" content=\"https:\/\/www.laboratoire-papillon.com\/wp-content\/uploads\/2024\/07\/Nathyroid-60.png\" \/>\n\t<meta property=\"og:image:width\" content=\"700\" \/>\n\t<meta property=\"og:image:height\" content=\"700\" \/>\n\t<meta property=\"og:image:type\" content=\"image\/png\" \/>\n<meta name=\"twitter:card\" content=\"summary_large_image\" \/>\n<meta name=\"twitter:label1\" content=\"Tiempo de lectura\" \/>\n\t<meta name=\"twitter:data1\" content=\"1 minuto\" \/>\n<script type=\"application\/ld+json\" class=\"yoast-schema-graph\">{\"@context\":\"https:\/\/schema.org\",\"@graph\":[{\"@type\":\"WebPage\",\"@id\":\"https:\/\/www.laboratoire-papillon.com\/es\/tienda\/\",\"url\":\"https:\/\/www.laboratoire-papillon.com\/es\/tienda\/\",\"name\":\"Tienda Laboratoire PAPILLON: Complementos alimenticios - Tiroides\",\"isPartOf\":{\"@id\":\"https:\/\/www.laboratoire-papillon.com\/es\/#website\"},\"primaryImageOfPage\":{\"@id\":\"https:\/\/www.laboratoire-papillon.com\/es\/tienda\/#primaryimage\"},\"image\":{\"@id\":\"https:\/\/www.laboratoire-papillon.com\/es\/tienda\/#primaryimage\"},\"thumbnailUrl\":\"https:\/\/www.laboratoire-papillon.com\/wp-content\/uploads\/2024\/07\/Nathyroid-60.png\",\"datePublished\":\"2020-02-14T11:18:22+00:00\",\"dateModified\":\"2026-03-24T16:17:33+00:00\",\"description\":\"Descubra los complementos alimenticios de Laboratoire PAPILLON especialmente formulados para favorecer el equilibrio natural de la tiroides.\",\"inLanguage\":\"es\",\"potentialAction\":[{\"@type\":\"ReadAction\",\"target\":[\"https:\/\/www.laboratoire-papillon.com\/es\/tienda\/\"]}]},{\"@type\":\"ImageObject\",\"inLanguage\":\"es\",\"@id\":\"https:\/\/www.laboratoire-papillon.com\/es\/tienda\/#primaryimage\",\"url\":\"https:\/\/www.laboratoire-papillon.com\/wp-content\/uploads\/2024\/07\/Nathyroid-60.png\",\"contentUrl\":\"https:\/\/www.laboratoire-papillon.com\/wp-content\/uploads\/2024\/07\/Nathyroid-60.png\",\"width\":700,\"height\":700},{\"@type\":\"WebSite\",\"@id\":\"https:\/\/www.laboratoire-papillon.com\/es\/#website\",\"url\":\"https:\/\/www.laboratoire-papillon.com\/es\/\",\"name\":\"Laboratoire papillon\",\"description\":\"Le laboratoire d\u00e9di\u00e9 \u00e0 l\u2019\u00e9quilibre naturel de la fonction thyro\u00efdienne\",\"potentialAction\":[{\"@type\":\"SearchAction\",\"target\":{\"@type\":\"EntryPoint\",\"urlTemplate\":\"https:\/\/www.laboratoire-papillon.com\/es\/?s={search_term_string}\"},\"query-input\":{\"@type\":\"PropertyValueSpecification\",\"valueRequired\":true,\"valueName\":\"search_term_string\"}}],\"inLanguage\":\"es\"}]}<\/script>\n<!-- \/ Yoast SEO plugin. -->","yoast_head_json":{"title":"Tienda Laboratoire PAPILLON: Complementos alimenticios - Tiroides","description":"Descubra los complementos alimenticios de Laboratoire PAPILLON especialmente formulados para favorecer el equilibrio natural de la tiroides.","robots":{"index":"index","follow":"follow","max-snippet":"max-snippet:-1","max-image-preview":"max-image-preview:large","max-video-preview":"max-video-preview:-1"},"canonical":"https:\/\/www.laboratoire-papillon.com\/es\/tienda\/","og_locale":"es_ES","og_type":"article","og_title":"Tienda Laboratoire PAPILLON: Complementos alimenticios - Tiroides","og_description":"Descubra los complementos alimenticios de Laboratoire PAPILLON especialmente formulados para favorecer el equilibrio natural de la tiroides.","og_url":"https:\/\/www.laboratoire-papillon.com\/es\/tienda\/","og_site_name":"Laboratoire papillon","article_modified_time":"2026-03-24T16:17:33+00:00","og_image":[{"width":700,"height":700,"url":"https:\/\/www.laboratoire-papillon.com\/wp-content\/uploads\/2024\/07\/Nathyroid-60.png","type":"image\/png"}],"twitter_card":"summary_large_image","twitter_misc":{"Tiempo de lectura":"1 minuto"},"schema":{"@context":"https:\/\/schema.org","@graph":[{"@type":"WebPage","@id":"https:\/\/www.laboratoire-papillon.com\/es\/tienda\/","url":"https:\/\/www.laboratoire-papillon.com\/es\/tienda\/","name":"Tienda Laboratoire PAPILLON: Complementos alimenticios - Tiroides","isPartOf":{"@id":"https:\/\/www.laboratoire-papillon.com\/es\/#website"},"primaryImageOfPage":{"@id":"https:\/\/www.laboratoire-papillon.com\/es\/tienda\/#primaryimage"},"image":{"@id":"https:\/\/www.laboratoire-papillon.com\/es\/tienda\/#primaryimage"},"thumbnailUrl":"https:\/\/www.laboratoire-papillon.com\/wp-content\/uploads\/2024\/07\/Nathyroid-60.png","datePublished":"2020-02-14T11:18:22+00:00","dateModified":"2026-03-24T16:17:33+00:00","description":"Descubra los complementos alimenticios de Laboratoire PAPILLON especialmente formulados para favorecer el equilibrio natural de la tiroides.","inLanguage":"es","potentialAction":[{"@type":"ReadAction","target":["https:\/\/www.laboratoire-papillon.com\/es\/tienda\/"]}]},{"@type":"ImageObject","inLanguage":"es","@id":"https:\/\/www.laboratoire-papillon.com\/es\/tienda\/#primaryimage","url":"https:\/\/www.laboratoire-papillon.com\/wp-content\/uploads\/2024\/07\/Nathyroid-60.png","contentUrl":"https:\/\/www.laboratoire-papillon.com\/wp-content\/uploads\/2024\/07\/Nathyroid-60.png","width":700,"height":700},{"@type":"WebSite","@id":"https:\/\/www.laboratoire-papillon.com\/es\/#website","url":"https:\/\/www.laboratoire-papillon.com\/es\/","name":"Laboratoire papillon","description":"Le laboratoire d\u00e9di\u00e9 \u00e0 l\u2019\u00e9quilibre naturel de la fonction thyro\u00efdienne","potentialAction":[{"@type":"SearchAction","target":{"@type":"EntryPoint","urlTemplate":"https:\/\/www.laboratoire-papillon.com\/es\/?s={search_term_string}"},"query-input":{"@type":"PropertyValueSpecification","valueRequired":true,"valueName":"search_term_string"}}],"inLanguage":"es"}]}},"_links":{"self":[{"href":"https:\/\/www.laboratoire-papillon.com\/es\/wp-json\/wp\/v2\/pages\/57229"}],"collection":[{"href":"https:\/\/www.laboratoire-papillon.com\/es\/wp-json\/wp\/v2\/pages"}],"about":[{"href":"https:\/\/www.laboratoire-papillon.com\/es\/wp-json\/wp\/v2\/types\/page"}],"author":[{"embeddable":true,"href":"https:\/\/www.laboratoire-papillon.com\/es\/wp-json\/wp\/v2\/users\/2"}],"replies":[{"embeddable":true,"href":"https:\/\/www.laboratoire-papillon.com\/es\/wp-json\/wp\/v2\/comments?post=57229"}],"version-history":[{"count":5,"href":"https:\/\/www.laboratoire-papillon.com\/es\/wp-json\/wp\/v2\/pages\/57229\/revisions"}],"predecessor-version":[{"id":57235,"href":"https:\/\/www.laboratoire-papillon.com\/es\/wp-json\/wp\/v2\/pages\/57229\/revisions\/57235"}],"wp:featuredmedia":[{"embeddable":true,"href":"https:\/\/www.laboratoire-papillon.com\/es\/wp-json\/wp\/v2\/media\/57230"}],"wp:attachment":[{"href":"https:\/\/www.laboratoire-papillon.com\/es\/wp-json\/wp\/v2\/media?parent=57229"}],"curies":[{"name":"wp","href":"https:\/\/api.w.org\/{rel}","templated":true}]}}